{"id":192,"date":"2017-10-30T14:20:06","date_gmt":"2017-10-30T11:20:06","guid":{"rendered":"http:\/\/www.tedkuzeykibris.k12.tr\/?page_id=192"},"modified":"2024-12-23T17:14:59","modified_gmt":"2024-12-23T14:14:59","slug":"academic-staff","status":"publish","type":"page","link":"https:\/\/www.tedkuzeykibris.k12.tr\/en\/corporate\/academic-staff\/","title":{"rendered":"Academic Staff"},"content":{"rendered":"<p>&nbsp;<\/p>\n<table>\n<thead>\n<tr>\n<th style=\"text-align: left;\"><\/th>\n<th style=\"text-align: left;\">NAME\/SURNAME<\/th>\n<th style=\"text-align: left;\">DUTY<\/th>\n<th style=\"text-align: left;\">E-Mail<\/th>\n<\/tr>\n<\/thead>\n<tbody>\n<tr>\n<td style=\"text-align: left;\"><\/td>\n<td style=\"text-align: left;\">Dr. Ahmet B\u0130L\u0130R<\/td>\n<td style=\"text-align: left;\">General Coordinator and School Principal<\/td>\n<td style=\"text-align: left;\"><a href=\"mailto:ahmetbilir@tedkuzeykibris.com\">ahmetbilir@tedkuzeykibris.com<\/a><\/td>\n<\/tr>\n<tr>\n<td style=\"text-align: left;\"><\/td>\n<td style=\"text-align: left;\">Sezan NUMANO\u011eLU<\/td>\n<td style=\"text-align: left;\">Deputy Principal<\/td>\n<td style=\"text-align: left;\"><a href=\"mailto:sezan.numanoglu@tedkuzeykibris.com\">sezan.numanoglu@tedkuzeykibris.com<\/a><\/td>\n<\/tr>\n<tr>\n<td style=\"text-align: left;\"><\/td>\n<td style=\"text-align: left;\">Esin \u0130MRALI<\/td>\n<td style=\"text-align: left;\">Deputy Principal<\/td>\n<td style=\"text-align: left;\"><a href=\"mailto:esin.imrali@tedkuzeykibris.com\">esin.imrali@tedkuzeykibris.com<\/a><\/td>\n<\/tr>\n<tr>\n<td style=\"text-align: left;\"><\/td>\n<td style=\"text-align: left;\">Zerrin B\u0130NG\u00d6L<\/td>\n<td style=\"text-align: left;\">Deputy Principal<\/td>\n<td style=\"text-align: left;\"><a href=\"mailto:zerrin.bingol@tedkuzeykibris.com\">zerrin.bingol@tedkuzeykibris.com<\/a><\/td>\n<\/tr>\n<tr>\n<td style=\"text-align: left;\"><\/td>\n<td style=\"text-align: left;\">L\u00fctfiye T\u00dcCCAR ERSEVER<\/td>\n<td style=\"text-align: left;\">Councellor<\/td>\n<td style=\"text-align: left;\"><a href=\"lutfiye.ersever@tedkuzeykibris.com\">lutfiye.ersever@tedkuzeykibris.com<\/a><\/td>\n<\/tr>\n<tr>\n<td style=\"text-align: left;\"><\/td>\n<td style=\"text-align: left;\">Makbule AKBU\u011eA<\/td>\n<td style=\"text-align: left;\">Councellor<\/td>\n<td style=\"text-align: left;\"><a href=\"mailto:makbule.akbuga@tedkuzeykibris.com\">makbule.akbuga@tedkuzeykibris.com<\/a><\/td>\n<\/tr>\n<tr>\n<td style=\"text-align: left;\"><\/td>\n<td style=\"text-align: left;\">Selin ALTUN<\/td>\n<td style=\"text-align: left;\">Councellor<\/td>\n<td style=\"text-align: left;\"><a href=\"mailto:alara.ercag@tedkuzeykibris.com\">selin.altun@tedkuzeykibris.com<\/a><\/td>\n<\/tr>\n<tr>\n<td style=\"text-align: left;\"><\/td>\n<td style=\"text-align: left;\">\u00dclk\u00fc S\u00dcR\u00dcC\u00dc<\/td>\n<td style=\"text-align: left;\">Kindergarten Class Teacher\/ Head of Department<\/td>\n<td style=\"text-align: left;\"><a href=\"mailto:ulku.surucu@tedkuzeykibris.com\">ulku.surucu@tedkuzeykibris.com<\/a><\/td>\n<\/tr>\n<tr>\n<td style=\"text-align: left;\"><\/td>\n<td style=\"text-align: left;\">Merve KO\u00c7KAN<\/td>\n<td style=\"text-align: left;\">Kindergarten Class Teacher<\/td>\n<td style=\"text-align: left;\"><a href=\"merve.kockan@tedkuzeykibris.com\">merve.kockan@tedkuzeykibris.com<\/a><\/td>\n<\/tr>\n<tr>\n<td style=\"text-align: left;\"><\/td>\n<td style=\"text-align: left;\">Nural KOCAEM\u0130R<\/td>\n<td style=\"text-align: left;\">Kindergarten Class Teacher<\/td>\n<td style=\"text-align: left;\"><a href=\"mailto:nural.kocaemir@tedkuzeykibris.com\">nural.kocaemir@tedkuzeykibris.com<\/a><\/td>\n<\/tr>\n<tr>\n<td style=\"text-align: left;\"><\/td>\n<td style=\"text-align: left;\">G\u00fcl\u00e7in TEZEL DO\u011eANG\u00dcN<\/td>\n<td style=\"text-align: left;\">Kindergarten Class Teacher<\/td>\n<td style=\"text-align: left;\"><a href=\"gulcin.tezel@tedkuzeykibris.com\">gulcin.tezel@tedkuzeykibris.com<\/a><\/td>\n<\/tr>\n<tr>\n<td style=\"text-align: left;\"><\/td>\n<td style=\"text-align: left;\">\u0130remay DO\u011eAN<\/td>\n<td style=\"text-align: left;\">Kindergarten Class Teacher<\/td>\n<td style=\"text-align: left;\"><a href=\"mailto:iremay.dogan@tedkuzeykibris.com\">iremay.dogan@tedkuzeykibris.com\u00a0<\/a><\/td>\n<\/tr>\n<tr>\n<td style=\"text-align: left;\"><\/td>\n<td style=\"text-align: left;\">Z\u00fchal Can \u00dcNSAL<\/td>\n<td style=\"text-align: left;\">Kindergarten Class Teacher<\/td>\n<td style=\"text-align: left;\"><a href=\"zuhal.canunsal@tedkuzeykibris.com\">zuhal.canunsal@tedkuzeykibris.com<\/a><\/td>\n<\/tr>\n<tr>\n<td style=\"text-align: left;\"><\/td>\n<td style=\"text-align: left;\">K\u0131van\u00e7 ATAMT\u00dcRK<\/td>\n<td style=\"text-align: left;\">Class Teacher\/ Head of Department<\/td>\n<td style=\"text-align: left;\"><a href=\"mailto:kivanc.atamturk@tedkuzeykibris.com\">kivanc.atamtuk@tedkuzeykibris.com<\/a><\/td>\n<\/tr>\n<tr>\n<td style=\"text-align: left;\"><\/td>\n<td style=\"text-align: left;\">Beg\u00fcm ERG\u0130N<\/td>\n<td style=\"text-align: left;\">Class Teacher<\/td>\n<td style=\"text-align: left;\"><a href=\"mailto:begum.ergim@tedkuzeykibris.com\">begum.ergin@tedkuzeykibris.com<\/a><\/td>\n<\/tr>\n<tr>\n<td style=\"text-align: left;\"><\/td>\n<td style=\"text-align: left;\">Erol SA\u011e<\/td>\n<td style=\"text-align: left;\">Class Teacher<\/td>\n<td style=\"text-align: left;\"><a href=\"mailto:erol.sag@tedkuzeykibris.com\">erol.sag@tedkuzeykibris.com<\/a><\/td>\n<\/tr>\n<tr>\n<td style=\"text-align: left;\"><\/td>\n<td style=\"text-align: left;\">Hatice B\u0130LG\u0130N<\/td>\n<td style=\"text-align: left;\">Class Teacher<\/td>\n<td style=\"text-align: left;\"><a href=\"mailto:hatice.bilgin@tedkuzeykibris.com\">hatice.bilgin@tedkuzeykibris.com<\/a><\/td>\n<\/tr>\n<tr>\n<td style=\"text-align: left;\"><\/td>\n<td style=\"text-align: left;\">Berna KOCA<\/td>\n<td style=\"text-align: left;\">Class Teacher<\/td>\n<td style=\"text-align: left;\"><a href=\"mailto:berna.koca@tedkuzeykibris.com\">berna.koca@tedkuzeykibris.com<\/a><\/td>\n<\/tr>\n<tr>\n<td style=\"text-align: left;\"><\/td>\n<td style=\"text-align: left;\">Uzay YAL\u00c7IN<\/td>\n<td style=\"text-align: left;\">Class Teacher<\/td>\n<td style=\"text-align: left;\"><a href=\"uzay.yalcin@tedkuzeykibris.com\">uzay.yalcin@tedkuzeykibris.com<\/a><\/td>\n<\/tr>\n<tr>\n<td style=\"text-align: left;\"><\/td>\n<td style=\"text-align: left;\">T\u00fclay KAYIK\u00c7I<\/td>\n<td style=\"text-align: left;\">Class Teacher<\/td>\n<td style=\"text-align: left;\"><a href=\"tulay.kayikci@tedkuzeykibris.com\">tulay.kayikci@tedkuzeykibris.com<\/a><\/td>\n<\/tr>\n<tr>\n<td style=\"text-align: left;\"><\/td>\n<td style=\"text-align: left;\">Havva G\u00dcLER<\/td>\n<td style=\"text-align: left;\">Class Teacher<\/td>\n<td style=\"text-align: left;\"><a href=\"havva.guler@tedkuzeykibris.com\">havva.guler@tedkuzeykibris.com<\/a><\/td>\n<\/tr>\n<tr>\n<td style=\"text-align: left;\"><\/td>\n<td style=\"text-align: left;\">Necla OL\u00c7E<\/td>\n<td style=\"text-align: left;\">Class Teacher<\/td>\n<td style=\"text-align: left;\"><a href=\"necla.olce@tedkuzeykibris.com\">necla.olce@tedkuzeykibris.com<\/a><\/td>\n<\/tr>\n<tr>\n<td style=\"text-align: left;\"><\/td>\n<td style=\"text-align: left;\">Belk\u0131s YOLAK<\/td>\n<td style=\"text-align: left;\">Turkish Language ve Literature Teacher\/ Head of Department<\/td>\n<td style=\"text-align: left;\"><a href=\"mailto:belkis.yolak@tedkuzeykibris.com\">belkis.yolak@tedkuzeykibris.com<\/a><\/td>\n<\/tr>\n<tr>\n<td style=\"text-align: left;\"><\/td>\n<td style=\"text-align: left;\">Sena ERG\u00dcL<\/td>\n<td style=\"text-align: left;\">Turkish Language ve Literature Teacher<\/td>\n<td style=\"text-align: left;\"><a href=\"mailto:senaergul.citlak@tedkuzeykibris.com\">sena.ergul@tedkuzeykibris.com<\/a><\/td>\n<\/tr>\n<tr>\n<td style=\"text-align: left;\"><\/td>\n<td style=\"text-align: left;\">Hayriye LEYLA<\/td>\n<td style=\"text-align: left;\">Turkish Language ve Literature Teacher<\/td>\n<td style=\"text-align: left;\"><a href=\"mailto:hayriye.leyla@tedkuzeykibris.com\">hayriye.leyla@tedkuzeykibris.com<\/a><\/td>\n<\/tr>\n<tr>\n<td style=\"text-align: left;\"><\/td>\n<td style=\"text-align: left;\">Berrak SEV\u0130\u015e<\/td>\n<td style=\"text-align: left;\">Turkish Language ve Literature Teacher<\/td>\n<td style=\"text-align: left;\"><a href=\"mailto:berrak.sevis@tedkuzeykibris.com\">berrak.sevis@tedkuzeykibris.com<\/a><\/td>\n<\/tr>\n<tr>\n<td style=\"text-align: left;\"><\/td>\n<td style=\"text-align: left;\">G\u00f6ksel \u00c7\u0130\u011eDEMO\u011eLU<\/td>\n<td style=\"text-align: left;\">Philosophy Teacher\/ Head of Department<\/td>\n<td style=\"text-align: left;\"><a href=\"goksel.cigdemoglu@tedkuzeykibris.com\">goksel.cigdemoglu@tedkuzeykibris.com<\/a><\/td>\n<\/tr>\n<tr>\n<td style=\"text-align: left;\"><\/td>\n<td style=\"text-align: left;\">\u00d6zer YAL\u00c7IN<\/td>\n<td style=\"text-align: left;\">History Teacher<\/td>\n<td style=\"text-align: left;\"><a href=\"ozer.yalcin@tedkuzeykibris.com\">ozer.yalcin@tedkuzeykibris.com<\/a><\/td>\n<\/tr>\n<tr>\n<td style=\"text-align: left;\"><\/td>\n<td style=\"text-align: left;\">Cemre G\u00dcRDAL<\/td>\n<td style=\"text-align: left;\">History Teacher<\/td>\n<td style=\"text-align: left;\"><a href=\"cemre.gurdal@tedkuzeykibris.com\">cemre.gurdal@tedkuzeykibris.com<\/a><\/td>\n<\/tr>\n<tr>\n<td style=\"text-align: left;\"><\/td>\n<td style=\"text-align: left;\">\u00d6mer SAYGINLI<\/td>\n<td style=\"text-align: left;\">Geography Teacher<\/td>\n<td style=\"text-align: left;\"><a href=\"mailto:omer.sayginli@tedkuzeykibris.com\">omer.sayginli@tedkuzeykibris.com<\/a><\/td>\n<\/tr>\n<tr>\n<td style=\"text-align: left;\"><\/td>\n<td style=\"text-align: left;\">Aysun DURMAZ<\/td>\n<td style=\"text-align: left;\">History Teacher<\/td>\n<td style=\"text-align: left;\"><a href=\"mailto:aysun.durmaz@tedkuzeykibris.com\">aysun.durmaz@tedkuzeykibris.com<\/a><\/td>\n<\/tr>\n<tr>\n<td style=\"text-align: left;\"><\/td>\n<td style=\"text-align: left;\">Halil TANYIL<\/td>\n<td style=\"text-align: left;\">Psychology Teacher<\/td>\n<td style=\"text-align: left;\"><a href=\"mailto:halil.tany\u0131l@tedkuzeykibris.com\">halil.tany\u0131l@tedkuzeykibris.com<\/a><\/td>\n<\/tr>\n<tr>\n<td style=\"text-align: left;\"><\/td>\n<td style=\"text-align: left;\">Shadi Rateb MOHAMMAD<\/td>\n<td style=\"text-align: left;\">Business Studies Teacher<\/td>\n<td style=\"text-align: left;\"><a href=\"mailto:shadi.mohammad@tedkuzeykibris.com\">shadi.mohammad@tedkuzeykibris.com<\/a><\/td>\n<\/tr>\n<tr>\n<td style=\"text-align: left;\"><\/td>\n<td style=\"text-align: left;\">Bar\u0131\u015f KURUO\u011eLU<\/td>\n<td style=\"text-align: left;\">Mathematics Teacher<\/td>\n<td style=\"text-align: left;\"><a href=\"baris.kuruoglu@tedkuzeykibris.com\">baris.kuruoglu@tedkuzeykibris.com<\/a><\/td>\n<\/tr>\n<tr>\n<td style=\"text-align: left;\"><\/td>\n<td style=\"text-align: left;\">G\u00fclhan AVCI<\/td>\n<td style=\"text-align: left;\">Mathematics Teacher<\/td>\n<td style=\"text-align: left;\"><a href=\"gulhan.avci@tedkuzeykibris.com\">gulhan.avci@tedkuzeykibris.com<\/a><\/td>\n<\/tr>\n<tr>\n<td style=\"text-align: left;\"><\/td>\n<td style=\"text-align: left;\">\u00d6zde ONAR<\/td>\n<td style=\"text-align: left;\">Mathematics Teacher<\/td>\n<td style=\"text-align: left;\"><a href=\"mailto:ozde.onar@tedkuzeykibris.com\">ozde.onar@tedkuzeykibris.com<\/a><\/td>\n<\/tr>\n<tr>\n<td style=\"text-align: left;\"><\/td>\n<td style=\"text-align: left;\">Fuat ORTA\u015e<\/td>\n<td style=\"text-align: left;\">Mathematics Teacher<\/td>\n<td style=\"text-align: left;\"><a href=\"mailto:fuat.ortas@tedkuzeykibris.com\">fuat.ortas@tedkuzeykibris.com<\/a><\/td>\n<\/tr>\n<tr>\n<td style=\"text-align: left;\"><\/td>\n<td style=\"text-align: left;\">Fuat TEMELC\u0130<\/td>\n<td style=\"text-align: left;\">Mathematics Teacher<\/td>\n<td style=\"text-align: left;\"><a href=\"mailto:fuat.temelci@tedkuzeykibris.com\">fuat.temelci@tedkuzeykibris.com<\/a><\/td>\n<\/tr>\n<tr>\n<td style=\"text-align: left;\"><\/td>\n<td style=\"text-align: left;\">Melin SERDARLILI<\/td>\n<td style=\"text-align: left;\">Mathematics Teacher<\/td>\n<td style=\"text-align: left;\"><a href=\"melin.serdarlili@tedkuzeykibris.com\">melin.serdarlili@tedkuzeykibris.com<\/a><\/td>\n<\/tr>\n<tr>\n<td style=\"text-align: left;\"><\/td>\n<td style=\"text-align: left;\">Cevat KALAYCI<\/td>\n<td style=\"text-align: left;\">Computer Science Teacher<\/td>\n<td style=\"text-align: left;\"><a href=\"mailto:cemal.yildiz@tedkuzeykibris.com\">cevat.kalayci@tedkuzeykibris.com<\/a><\/td>\n<\/tr>\n<tr>\n<td style=\"text-align: left;\"><\/td>\n<td style=\"text-align: left;\">Ay\u015fen DERETARLA<\/td>\n<td style=\"text-align: left;\">Information and Communication Technology Teacher<\/td>\n<td style=\"text-align: left;\"><a href=\"aysen.deretarla@tedkuzeykibris.com\">aysen.deretarla@tedkuzeykibris.com<\/a><\/td>\n<\/tr>\n<tr>\n<td style=\"text-align: left;\"><\/td>\n<td style=\"text-align: left;\">\u015eadiye Evrim \u00dcNALDI<\/td>\n<td style=\"text-align: left;\">Physics Teacher\/ Head of Department<\/td>\n<td style=\"text-align: left;\"><a href=\"sadiyeevrim.unaldi@tedkuzeykibris.com\">sadiyeevrim.unaldi@tedkuzeykibris.com<\/a><\/td>\n<\/tr>\n<tr>\n<td style=\"text-align: left;\"><\/td>\n<td style=\"text-align: left;\">Mine BEYZADE<\/td>\n<td style=\"text-align: left;\">Biology Teacher<\/td>\n<td style=\"text-align: left;\"><a href=\"mailto:cemal.yildiz@tedkuzeykibris.com\">mine.beyzade@tedkuzeykibris.com<\/a><\/td>\n<\/tr>\n<tr>\n<td style=\"text-align: left;\"><\/td>\n<td style=\"text-align: left;\">Feride Nur G\u00dcNE\u015e<\/td>\n<td style=\"text-align: left;\">Biology Teacher<\/td>\n<td style=\"text-align: left;\"><a href=\"mailto:cemal.yildiz@tedkuzeykibris.com\">feridenur.gunes@tedkuzeykibris.com<\/a><\/td>\n<\/tr>\n<tr>\n<td style=\"text-align: left;\"><\/td>\n<td style=\"text-align: left;\">G\u00fcniz BERKAN<\/td>\n<td style=\"text-align: left;\">Chemistry Teacher<\/td>\n<td style=\"text-align: left;\"><a href=\"mailto:guniz.berkan@tedkuzeykibris.com\">guniz.berkan@tedkuzeykibris.com<\/a><\/td>\n<\/tr>\n<tr>\n<td style=\"text-align: left;\"><\/td>\n<td style=\"text-align: left;\">Ayten G\u00dcNER<\/td>\n<td style=\"text-align: left;\">Chemistry Teacher<\/td>\n<td style=\"text-align: left;\">\u00a0<a href=\"mailto:ayten.guner@tedkuzeykibris.com\">ayten.guner@tedkuzeykibris.com<\/a><\/td>\n<\/tr>\n<tr>\n<td style=\"text-align: left;\"><\/td>\n<td style=\"text-align: left;\">Emel \u015eENL\u0130<\/td>\n<td style=\"text-align: left;\">Chemistry Teacher<\/td>\n<td style=\"text-align: left;\"><a href=\"mailto:emel.senli@tedkuzeykibris.com\">emel.senli@tedkuzeykibris.com<\/a><\/td>\n<\/tr>\n<tr>\n<td style=\"text-align: left;\"><\/td>\n<td style=\"text-align: left;\">Sevim KIRGIZ<\/td>\n<td style=\"text-align: left;\">Biology Teacher<\/td>\n<td style=\"text-align: left;\"><a href=\"mailto:emriye.dagdelen@tedkuzeykibris.com\">sevim.kirgiz@tedkuzeykibris.com<\/a><\/td>\n<\/tr>\n<tr>\n<td style=\"text-align: left;\"><\/td>\n<td style=\"text-align: left;\">Seda KADE\u015e<\/td>\n<td style=\"text-align: left;\">\u00a0Physics Teacher<\/td>\n<td style=\"text-align: left;\"><a href=\"seda.kades@tedkuzeykibris.com\">seda.kades@tedkuzeykibris.com<\/a><\/td>\n<\/tr>\n<tr>\n<td style=\"text-align: left;\"><\/td>\n<td style=\"text-align: left;\">Fatma BAYSEN<\/td>\n<td style=\"text-align: left;\">\u00a0Physics Teacher<\/td>\n<td style=\"text-align: left;\"><a href=\"fatma.baysen@tedkuzeykibris.com\">fatma.baysen@tedkuzeykibris.com<\/a><\/td>\n<\/tr>\n<tr>\n<td style=\"text-align: left;\"><\/td>\n<td style=\"text-align: left;\">Nader SAFAR\u0130<\/td>\n<td style=\"text-align: left;\">\u00a0Physics Teacher<\/td>\n<td style=\"text-align: left;\"><a href=\"mailto:nader.safari@tedkuzeykibris.com\">nader.safari@tedkuzeykibris.com<\/a><\/td>\n<\/tr>\n<tr>\n<td style=\"text-align: left;\"><\/td>\n<td style=\"text-align: left;\">Asil BALKANLAR<\/td>\n<td style=\"text-align: left;\">English Teacher\/ Career Councellor\/ Exam Officer<\/td>\n<td style=\"text-align: left;\"><a href=\"mailto:asil.balkanlar@tedkuzeykibris.com\">asil.balkanlar<\/a><a href=\"mailto:hale.silifkeli@tedkuzeykibris.com\">@tedkuzeykibris.com<\/a><\/td>\n<\/tr>\n<tr>\n<td style=\"text-align: left;\"><\/td>\n<td style=\"text-align: left;\">Ay\u015fem HACIMUSTAFA<\/td>\n<td style=\"text-align: left;\">English Teacher \/ IBDP Coordinator<\/td>\n<td style=\"text-align: left;\"><a href=\"aysem.hacimustafa@tedkuzeykibris.com\">aysem.hacimustafa@tedkuzeykibris.com<\/a><\/td>\n<\/tr>\n<tr>\n<td style=\"text-align: left;\"><\/td>\n<td style=\"text-align: left;\">Alnur KOCAEM\u0130R<\/td>\n<td style=\"text-align: left;\">English Teacher\/ Head of Department<\/td>\n<td style=\"text-align: left;\"><a href=\"mailto:alnur.kocaemir@tedkuzeykibris.com\">alnur.kocaemir@tedkuzeykibris.com<\/a><\/td>\n<\/tr>\n<tr>\n<td style=\"text-align: left;\"><\/td>\n<td style=\"text-align: left;\">G\u00f6ksu T\u00dcRKGEN\u00c7<\/td>\n<td style=\"text-align: left;\">English Teacher<\/td>\n<td style=\"text-align: left;\"><a href=\"mailto:goksu.turkgenc@tedkuzeykibris.com\">goksu.turkgenc@tedkuzeykibris.com<\/a><\/td>\n<\/tr>\n<tr>\n<td style=\"text-align: left;\"><\/td>\n<td style=\"text-align: left;\">Evrim \u015eEHERL\u0130O\u011eLU<\/td>\n<td style=\"text-align: left;\">English Teacher<\/td>\n<td style=\"text-align: left;\"><a href=\"mailto:seren.akmen@tedkuzeykibris.com\">evrim.seherlioglu@tedkuzeykibris.com<\/a><\/td>\n<\/tr>\n<tr>\n<td style=\"text-align: left;\"><\/td>\n<td style=\"text-align: left;\">Aziz BEYZADE<\/td>\n<td style=\"text-align: left;\">English Teacher<\/td>\n<td style=\"text-align: left;\"><a href=\"mailto:aziz.beyzade@tedkuzeykibris.com\">aziz.beyzade@tedkuzeykibris.com<\/a><\/td>\n<\/tr>\n<tr>\n<td style=\"text-align: left;\"><\/td>\n<td style=\"text-align: left;\">Sezin PARILDAK<\/td>\n<td style=\"text-align: left;\">English Teacher\/ Head of Department<\/td>\n<td style=\"text-align: left;\"><a href=\"mailto:sezin.parildak@tedkuzeykibris.com\">sezin.parildak@tedkuzeykibris.com<\/a><\/td>\n<\/tr>\n<tr>\n<td style=\"text-align: left;\"><\/td>\n<td style=\"text-align: left;\">Ceren \u00d6VEN<\/td>\n<td style=\"text-align: left;\">English Teacher<\/td>\n<td style=\"text-align: left;\"><a href=\"ceren.oven@tedkuzeykibris.com\">ceren.oven@tedkuzeykibris.com<\/a><\/td>\n<\/tr>\n<tr>\n<td style=\"text-align: left;\"><\/td>\n<td style=\"text-align: left;\">Dilahan TEZEL<\/td>\n<td style=\"text-align: left;\">English Teacher<\/td>\n<td style=\"text-align: left;\"><a href=\"dilahan.tezel@tedkuzeykibris.com\">dilahan.tezel@tedkuzeykibris.com<\/a><\/td>\n<\/tr>\n<tr>\n<td style=\"text-align: left;\"><\/td>\n<td style=\"text-align: left;\">G\u00fclden KARATA\u015e<\/td>\n<td style=\"text-align: left;\">English Teacher<\/td>\n<td style=\"text-align: left;\"><a href=\"gulden.karatas@tedkuzeykibris.com\">gulden.karatas@tedkuzeykibris.com<\/a><\/td>\n<\/tr>\n<tr>\n<td style=\"text-align: left;\"><\/td>\n<td style=\"text-align: left;\">Burak \u00d6NER<\/td>\n<td style=\"text-align: left;\">English Teacher<\/td>\n<td style=\"text-align: left;\"><a href=\"mailto:burak.oner@tedkuzeykibris.com\">burak.oner@tedkuzeykibris.com<\/a><\/td>\n<\/tr>\n<tr>\n<td style=\"text-align: left;\"><\/td>\n<td style=\"text-align: left;\">Dilek \u015eAH\u0130N<\/td>\n<td style=\"text-align: left;\">English Teacher<\/td>\n<td style=\"text-align: left;\"><a href=\"dilek.sahin@tedkuzeykibris.com\">dilek.sahin@tedkuzeykibris.com<\/a><\/td>\n<\/tr>\n<tr>\n<td style=\"text-align: left;\"><\/td>\n<td style=\"text-align: left;\">Vicdan Aylis YA\u015eAR<\/td>\n<td style=\"text-align: left;\">English Teacher<\/td>\n<td style=\"text-align: left;\"><a href=\"vicdanaylis.yasar@tedkuzeykibris.com\">vicdanaylis.yasar@tedkuzeykibris.com<\/a><\/td>\n<\/tr>\n<tr>\n<td style=\"text-align: left;\"><\/td>\n<td style=\"text-align: left;\">Fatma \u00d6Z\u0130K\u0130ZLER<\/td>\n<td style=\"text-align: left;\">French Teacher<\/td>\n<td style=\"text-align: left;\"><a href=\"fatma.ozikizler@tedkuzeykibris.com\">fatma.ozikizler<\/a><a href=\"mailto:ceren.sagir@tedkuzeykibris.com\">@tedkuzeykibris.com<\/a><\/td>\n<\/tr>\n<tr>\n<td style=\"text-align: left;\"><\/td>\n<td style=\"text-align: left;\">Melek DAYI<\/td>\n<td style=\"text-align: left;\">French Teacher<\/td>\n<td style=\"text-align: left;\"><a href=\"mailto:melek.dayi@tedkuzeykibris.com\">melek.dayi@tedkuzeykibris.com<\/a><\/td>\n<\/tr>\n<tr>\n<td style=\"text-align: left;\"><\/td>\n<td style=\"text-align: left;\">Bilg\u00fcn MOR\u00c7\u0130\u00c7EK<\/td>\n<td style=\"text-align: left;\">German Teacher<\/td>\n<td style=\"text-align: left;\"><a href=\"bilgun.morcicek@tedkuzeykibris.com\">bilgun.morcicek@tedkuzeykibris.com<\/a><\/td>\n<\/tr>\n<tr>\n<td style=\"text-align: left;\"><\/td>\n<td style=\"text-align: left;\">Simay Sinem AZAK<\/td>\n<td style=\"text-align: left;\">German Teacher<\/td>\n<td style=\"text-align: left;\"><a href=\"simaysinem.azak@tedkuzeykibris.com\">simaysinem.azak@tedkuzeykibris.com<\/a><\/td>\n<\/tr>\n<tr>\n<td style=\"text-align: left;\"><\/td>\n<td style=\"text-align: left;\">Dr.Pembe G\u00dcRTEK\u0130N<\/td>\n<td style=\"text-align: left;\">Music Teacher\/ Head of Department<\/td>\n<td style=\"text-align: left;\"><a href=\"mailto:pembe.gurtekin@tedkuzeykibris.com\">pembe.gurtekin@tedkuzeykibris.com<\/a><\/td>\n<\/tr>\n<tr>\n<td style=\"text-align: left;\"><\/td>\n<td style=\"text-align: left;\">Nur KESMEC\u0130<\/td>\n<td style=\"text-align: left;\">Music Teacher<\/td>\n<td style=\"text-align: left;\"><a href=\"mailto:nur.kesmeci@tedkuzeykibris.com\">nur.kesmeci@tedkuzeykibris.com<\/a><\/td>\n<\/tr>\n<tr>\n<td style=\"text-align: left;\"><\/td>\n<td style=\"text-align: left;\">\u0130lknur D\u00dcZEN<\/td>\n<td style=\"text-align: left;\">Art and Design Teacher<\/td>\n<td style=\"text-align: left;\"><a href=\"mailto:ilknur.duzen@tedkuzeykibris.com\">ilknur.duzen@tedkuzeykibris.com<\/a><\/td>\n<\/tr>\n<tr>\n<td style=\"text-align: left;\"><\/td>\n<td style=\"text-align: left;\">G\u00f6zde Zalihe EM\u0130RLER Y\u00dcCEL<\/td>\n<td style=\"text-align: left;\">Art and Design Teacher<\/td>\n<td style=\"text-align: left;\"><a href=\"mailto:gozde.emirler@tedkuzeykibris.com\">gozde.emirler@tedkuzeykibris.com<\/a><\/td>\n<\/tr>\n<tr>\n<td style=\"text-align: left;\"><\/td>\n<td style=\"text-align: left;\">Zeynep TANYIL<\/td>\n<td style=\"text-align: left;\">Art and Design Teacher<\/td>\n<td style=\"text-align: left;\"><a href=\"zeynep.tanyil@tedkuzeykibris.com\">zeynep.tanyil@tedkuzeykibris.com<\/a><\/td>\n<\/tr>\n<tr>\n<td style=\"text-align: left;\"><\/td>\n<td style=\"text-align: left;\">F\u0131rat BOZKURT<\/td>\n<td style=\"text-align: left;\">P.E. Teacher \/ Head of Department<\/td>\n<td style=\"text-align: left;\"><a href=\"mailto:firat.bozkurt@tedkuzeykibris.com\">firat.bozkurt@tedkuzeykibris.com<\/a><\/td>\n<\/tr>\n<tr>\n<td style=\"text-align: left;\"><\/td>\n<td style=\"text-align: left;\">Ay\u015fa K\u00dc\u00c7\u00dcKAK\u00c7A<\/td>\n<td style=\"text-align: left;\">P.E. Teacher<\/td>\n<td style=\"text-align: left;\"><a href=\"mailto:ihsan.ugutucu@tedkuzeykibris.com\">aysa.kucukakca@tedkuzeykibris.com<\/a><\/td>\n<\/tr>\n<tr>\n<td style=\"text-align: left;\"><\/td>\n<td style=\"text-align: left;\">Metin G\u00dcNERALP<\/td>\n<td style=\"text-align: left;\">P.E. Teacher<\/td>\n<td style=\"text-align: left;\"><a href=\"metin.guneralp@tedkuzeykibris.com\">metin.guneralp@tedkuzeykibris.com<\/a><\/td>\n<\/tr>\n<\/tbody>\n<\/table>\n<p>&nbsp;<\/p>\n<p><img loading=\"lazy\" decoding=\"async\" class=\"aligncenter size-full wp-image-2731\" src=\"https:\/\/www.tedkuzeykibris.k12.tr\/en\/wp-content\/uploads\/2024\/12\/organizational-chart.jpg\" alt=\"\" width=\"1055\" height=\"812\" srcset=\"https:\/\/www.tedkuzeykibris.k12.tr\/en\/wp-content\/uploads\/2024\/12\/organizational-chart.jpg 1055w, https:\/\/www.tedkuzeykibris.k12.tr\/en\/wp-content\/uploads\/2024\/12\/organizational-chart-300x231.jpg 300w, https:\/\/www.tedkuzeykibris.k12.tr\/en\/wp-content\/uploads\/2024\/12\/organizational-chart-1024x788.jpg 1024w, https:\/\/www.tedkuzeykibris.k12.tr\/en\/wp-content\/uploads\/2024\/12\/organizational-chart-768x591.jpg 768w, https:\/\/www.tedkuzeykibris.k12.tr\/en\/wp-content\/uploads\/2024\/12\/organizational-chart-97x75.jpg 97w, https:\/\/www.tedkuzeykibris.k12.tr\/en\/wp-content\/uploads\/2024\/12\/organizational-chart-480x369.jpg 480w\" sizes=\"auto, (max-width:767px) 480px, (max-width:1055px) 100vw, 1055px\" \/><img loading=\"lazy\" decoding=\"async\" class=\"aligncenter  wp-image-2731\" src=\"https:\/\/www.tedkuzeykibris.k12.tr\/en\/wp-content\/uploads\/2024\/12\/organizational-chart.jpg\" alt=\"\" width=\"980\" height=\"754\" srcset=\"https:\/\/www.tedkuzeykibris.k12.tr\/en\/wp-content\/uploads\/2024\/12\/organizational-chart.jpg 1055w, https:\/\/www.tedkuzeykibris.k12.tr\/en\/wp-content\/uploads\/2024\/12\/organizational-chart-300x231.jpg 300w, https:\/\/www.tedkuzeykibris.k12.tr\/en\/wp-content\/uploads\/2024\/12\/organizational-chart-1024x788.jpg 1024w, https:\/\/www.tedkuzeykibris.k12.tr\/en\/wp-content\/uploads\/2024\/12\/organizational-chart-768x591.jpg 768w, https:\/\/www.tedkuzeykibris.k12.tr\/en\/wp-content\/uploads\/2024\/12\/organizational-chart-97x75.jpg 97w, https:\/\/www.tedkuzeykibris.k12.tr\/en\/wp-content\/uploads\/2024\/12\/organizational-chart-480x369.jpg 480w\" sizes=\"auto, (max-width:767px) 480px, (max-width:980px) 100vw, 980px\" \/><\/p>\n<p>&nbsp;<\/p>\n","protected":false},"excerpt":{"rendered":"<p>&nbsp; NAME\/SURNAME DUTY E-Mail Dr. Ahmet B\u0130L\u0130R General Coordinator and School Principal ahmetbilir@tedkuzeykibris.com Sezan NUMANO\u011eLU Deputy Principal sezan.numanoglu@tedkuzeykibris.com Esin \u0130MRALI Deputy Principal esin.imrali@tedkuzeykibris.com Zerrin B\u0130NG\u00d6L Deputy<span class=\"excerpt-hellip\"> [\u2026]<\/span><\/p>\n","protected":false},"author":2,"featured_media":0,"parent":226,"menu_order":0,"comment_status":"closed","ping_status":"closed","template":"","meta":{"footnotes":""},"class_list":["post-192","page","type-page","status-publish","hentry"],"_links":{"self":[{"href":"https:\/\/www.tedkuzeykibris.k12.tr\/en\/wp-json\/wp\/v2\/pages\/192","targetHints":{"allow":["GET"]}}],"collection":[{"href":"https:\/\/www.tedkuzeykibris.k12.tr\/en\/wp-json\/wp\/v2\/pages"}],"about":[{"href":"https:\/\/www.tedkuzeykibris.k12.tr\/en\/wp-json\/wp\/v2\/types\/page"}],"author":[{"embeddable":true,"href":"https:\/\/www.tedkuzeykibris.k12.tr\/en\/wp-json\/wp\/v2\/users\/2"}],"replies":[{"embeddable":true,"href":"https:\/\/www.tedkuzeykibris.k12.tr\/en\/wp-json\/wp\/v2\/comments?post=192"}],"version-history":[{"count":24,"href":"https:\/\/www.tedkuzeykibris.k12.tr\/en\/wp-json\/wp\/v2\/pages\/192\/revisions"}],"predecessor-version":[{"id":2732,"href":"https:\/\/www.tedkuzeykibris.k12.tr\/en\/wp-json\/wp\/v2\/pages\/192\/revisions\/2732"}],"up":[{"embeddable":true,"href":"https:\/\/www.tedkuzeykibris.k12.tr\/en\/wp-json\/wp\/v2\/pages\/226"}],"wp:attachment":[{"href":"https:\/\/www.tedkuzeykibris.k12.tr\/en\/wp-json\/wp\/v2\/media?parent=192"}],"curies":[{"name":"wp","href":"https:\/\/api.w.org\/{rel}","templated":true}]}}